{"id":29,"date":"2019-01-31T15:30:59","date_gmt":"2019-01-31T15:30:59","guid":{"rendered":"https:\/\/www.chezchristophetraiteur.fr\/?page_id=29"},"modified":"2021-02-06T16:59:57","modified_gmt":"2021-02-06T15:59:57","slug":"acceuil","status":"publish","type":"page","link":"https:\/\/www.chezchristophetraiteur.fr\/","title":{"rendered":""},"content":{"rendered":"\n<p class=\"has-text-align-center has-vivid-red-color has-text-color\"><strong>Je suis sur les march\u00e9s : <\/strong><\/p>\n\n\n\n<div class=\"wp-block-image\"><figure class=\"alignleft is-resized\"><img loading=\"lazy\" decoding=\"async\" src=\"https:\/\/www.chezchristophetraiteur.fr\/wp-content\/uploads\/2019\/01\/trophe1-768x1024.jpg\" alt=\"\" class=\"wp-image-32\" width=\"196\" height=\"261\" srcset=\"https:\/\/www.chezchristophetraiteur.fr\/wp-content\/uploads\/2019\/01\/trophe1-768x1024.jpg 768w, https:\/\/www.chezchristophetraiteur.fr\/wp-content\/uploads\/2019\/01\/trophe1-225x300.jpg 225w, https:\/\/www.chezchristophetraiteur.fr\/wp-content\/uploads\/2019\/01\/trophe1.jpg 1548w\" sizes=\"auto, (max-width: 196px) 100vw, 196px\" \/><\/figure><\/div>\n\n\n\n<div class=\"wp-block-image\"><figure class=\"alignright is-resized\"><img loading=\"lazy\" decoding=\"async\" src=\"https:\/\/www.chezchristophetraiteur.fr\/wp-content\/uploads\/2019\/01\/20160505_085204-e1548947935160-614x1024.jpg\" alt=\"\" class=\"wp-image-19\" width=\"180\" height=\"299\" srcset=\"https:\/\/www.chezchristophetraiteur.fr\/wp-content\/uploads\/2019\/01\/20160505_085204-e1548947935160-614x1024.jpg 614w, https:\/\/www.chezchristophetraiteur.fr\/wp-content\/uploads\/2019\/01\/20160505_085204-e1548947935160-180x300.jpg 180w, https:\/\/www.chezchristophetraiteur.fr\/wp-content\/uploads\/2019\/01\/20160505_085204-e1548947935160-768x1280.jpg 768w, https:\/\/www.chezchristophetraiteur.fr\/wp-content\/uploads\/2019\/01\/20160505_085204-e1548947935160.jpg 1536w\" sizes=\"auto, (max-width: 180px) 100vw, 180px\" \/><\/figure><\/div>\n\n\n\n<p class=\"has-text-align-center has-vivid-red-color has-text-color\"><strong>Mardi Matin \u00e0 Munster<\/strong> <br><br><\/p>\n\n\n\n<p class=\"has-text-align-center has-vivid-red-color has-text-color\"><strong>Mercredi Matin \u00e0 Logelbach<\/strong><\/p>\n\n\n\n<p class=\"has-text-align-center has-vivid-red-color has-text-color\"><strong>Vendredi Matin \u00e0 Turckheim<\/strong><\/p>\n\n\n\n<p class=\"has-text-align-center has-vivid-red-color has-text-color\"><strong>Samedi Matin \u00e0 Munster<\/strong><br><strong> \u00c9galement \u00e0 votre disposition pour vos banquets, r\u00e9ceptions, f\u00eates de famille&#8230; <\/strong><br><\/p>\n\n\n\n<p class=\"has-text-align-center has-vivid-red-color has-text-color\"><strong>Chez Christophe Traite<\/strong><em><strong>ur<\/strong><\/em><strong>  68140 \u00e0 SOULTZEREN<\/strong><\/p>\n\n\n\n<p class=\"has-text-align-center has-vivid-red-color has-text-color\"> <strong>Tel : 07 68 30 02 11<\/strong><\/p>\n","protected":false},"excerpt":{"rendered":"<p>Je suis sur les march\u00e9s : Mardi Matin \u00e0 Munster Mercredi Matin \u00e0 Logelbach Vendredi Matin \u00e0 Turckheim Samedi Matin \u00e0 Munster \u00c9galement \u00e0 votre disposition pour vos banquets, r\u00e9ceptions, f\u00eates de famille&#8230; Chez Christophe Traiteur 68140 \u00e0 SOULTZEREN Tel : 07 68 30 02 11<\/p>\n","protected":false},"author":1,"featured_media":0,"parent":0,"menu_order":0,"comment_status":"closed","ping_status":"closed","template":"","meta":{"footnotes":""},"class_list":["post-29","page","type-page","status-publish","hentry"],"_links":{"self":[{"href":"https:\/\/www.chezchristophetraiteur.fr\/index.php\/wp-json\/wp\/v2\/pages\/29","targetHints":{"allow":["GET"]}}],"collection":[{"href":"https:\/\/www.chezchristophetraiteur.fr\/index.php\/wp-json\/wp\/v2\/pages"}],"about":[{"href":"https:\/\/www.chezchristophetraiteur.fr\/index.php\/wp-json\/wp\/v2\/types\/page"}],"author":[{"embeddable":true,"href":"https:\/\/www.chezchristophetraiteur.fr\/index.php\/wp-json\/wp\/v2\/users\/1"}],"replies":[{"embeddable":true,"href":"https:\/\/www.chezchristophetraiteur.fr\/index.php\/wp-json\/wp\/v2\/comments?post=29"}],"version-history":[{"count":24,"href":"https:\/\/www.chezchristophetraiteur.fr\/index.php\/wp-json\/wp\/v2\/pages\/29\/revisions"}],"predecessor-version":[{"id":84,"href":"https:\/\/www.chezchristophetraiteur.fr\/index.php\/wp-json\/wp\/v2\/pages\/29\/revisions\/84"}],"wp:attachment":[{"href":"https:\/\/www.chezchristophetraiteur.fr\/index.php\/wp-json\/wp\/v2\/media?parent=29"}],"curies":[{"name":"wp","href":"https:\/\/api.w.org\/{rel}","templated":true}]}}